{"id":6609,"date":"2020-10-22T15:32:21","date_gmt":"2020-10-22T12:32:21","guid":{"rendered":"https:\/\/protrans.ee\/kkk\/"},"modified":"2024-11-05T23:08:51","modified_gmt":"2024-11-05T21:08:51","slug":"kasulik-teada","status":"publish","type":"page","link":"https:\/\/protrans.ee\/ru\/kasulik-teada\/","title":{"rendered":"Kasulik teada"},"content":{"rendered":"[vc_row type=&#187;full_width_content&#187; full_screen_row_position=&#187;middle&#187; column_margin=&#187;default&#187; equal_height=&#187;yes&#187; content_placement=&#187;top&#187; column_direction=&#187;default&#187; column_direction_tablet=&#187;default&#187; column_direction_phone=&#187;default&#187; scene_position=&#187;center&#187; text_color=&#187;dark&#187; text_align=&#187;left&#187; row_border_radius=&#187;none&#187; row_border_radius_applies=&#187;bg&#187; overlay_strength=&#187;0.3&#8243; gradient_direction=&#187;left_to_right&#187; shape_divider_position=&#187;bottom&#187; bg_image_animation=&#187;none&#187; shape_type=&#187;&#187;][vc_column column_padding=&#187;padding-5-percent&#187; column_padding_tablet=&#187;inherit&#187; column_padding_phone=&#187;inherit&#187; column_padding_position=&#187;all&#187; background_color=&#187;#f0f0f0&#8243; background_color_opacity=&#187;1&#8243; background_color_hover=&#187;#f0f0f0&#8243; background_hover_color_opacity=&#187;1&#8243; column_shadow=&#187;none&#187; column_border_radius=&#187;none&#187; column_link_target=&#187;_self&#187; gradient_direction=&#187;left_to_right&#187; overlay_strength=&#187;0.3&#8243; width=&#187;2\/3&#8243; tablet_width_inherit=&#187;default&#187; tablet_text_alignment=&#187;default&#187; phone_text_alignment=&#187;default&#187; column_border_width=&#187;none&#187; column_border_color=&#187;#ffffff&#187; column_border_style=&#187;solid&#187; bg_image_animation=&#187;none&#187;][vc_column_text]\n<h1>Kasulik teada<\/h1>\n[\/vc_column_text][toggles style=&#187;minimal&#187;][toggle color=&#187;Default&#187; title=&#187;Kui palju kaalub killustik\/liiv\/muld?&#187;][vc_column_text]Killustik = 1,6 tonni\/m3<br \/>\nLiiv = 1,6 tonni\/m3<br \/>\nS\u00f5elutud muld = 1,3 tonni\/m3[\/vc_column_text][\/toggle][toggle color=&#187;Default&#187; title=&#187;Kui palju mulda l\u00e4heb tarvis 1000m2 krundi 10cm t\u00f5stmiseks?&#187;][vc_column_text]Arvutuslikult l\u00e4heb tarvis 100m3 mulda. Samas kuna muld sisaldab kuni 50% \u00f5hku ja vett, siis toimub ka teatav vajumine ehk soovituslik on tellida 130m3 mulda.[\/vc_column_text][\/toggle][toggle color=&#187;Default&#187; title=&#187;Kui paks kiht mulda on vajalik muru rajamiseks?&#187;][vc_column_text]Agronoomid soovitavad v\u00e4hemalt 25cm s\u00f5elutud mulla kihti. Samas on senine kogemus n\u00e4idanud, et tiheda ja ilusa muru saamiseks piisab ka 10-15cm kihist.[\/vc_column_text][\/toggle][toggle color=&#187;Default&#187; title=&#187;Kuidas ja mitu p\u00e4eva ette tellimust esitada?&#187;][vc_column_text]K\u00f5ige mugavam on tellida l\u00e4bi meie <a href=\"https:\/\/protrans.ee\/ru\/\">online-tellimiss\u00fcsteemi<\/a>. Samuti v\u00f5ib tellimuse esitada telefoni teel <a href=\"tel:+372 604 8888\">+372 604 8888\u00a0<\/a> v\u00f5i meilitsi <a href=\"mailto:info@protrans.ee\">info@protrans.ee<\/a>. \u00dcldjuhul piisab, kui tellimus esitatakse v\u00e4hemalt 1 t\u00f6\u00f6p\u00e4ev enne kohaletoomise aega. Kui soovite tellida koos sama p\u00e4eva transpordiga, siis helistage meile\u00a0ning vabade aegade olemasolul saame pakkuda ka sama p\u00e4eva transporti.[\/vc_column_text][\/toggle][toggle color=&#187;Default&#187; title=&#187;Kas saab tellida ka v\u00e4ljapoole Harjumaad?&#187;][vc_column_text]Jah, loomulikult. V\u00f5tke meiega \u00fchendust ja teeme pakkumise soovitud materjali transpordiks.[\/vc_column_text][\/toggle][toggle color=&#187;Default&#187; title=&#187;Kas koorem j\u00f5uab kohale t\u00e4pselt kokkulepitud kellaajaks?&#187;][vc_column_text]Jah, valdavalt j\u00f5uavad k\u00f5ik koormad kohale kokkulepitud ajaks. Autojuht v\u00f5tab teiega \u00fchendust enne tellimuse t\u00e4itmist.\u00a0Loomulikult esineb vahel ka meist mitteolenevaid viivitusi (ummikud, takistused teel jms), mille ilmnemisel anname teile v\u00f5imalikust viivitusest m\u00e4rku.[\/vc_column_text][\/toggle][toggle color=&#187;Default&#187; title=&#187;Kas erinevad materjalid on v\u00f5imalik tellida \u00fche transpordiga?&#187;][vc_column_text]Jah, on v\u00f5imalik. K\u00fcll aga tuleb arvestada, et materjalid v\u00f5ivad kastis seguneda ning \u00fchekaupa neid maha kallata ei ole v\u00f5imalik. Soovitame koormad tellida eraldi.[\/vc_column_text][\/toggle][toggle color=&#187;Default&#187; title=&#187;Millised on veoauto m\u00f5\u00f5dud?&#187;][vc_column_text]Veoautode maksimaalne laius on 2,55m ning pikkus 9,3m.[\/vc_column_text][\/toggle][toggle color=&#187;Default&#187; title=&#187;Kas veoauto v\u00f5ib kahjustada hoovis olevat muru?&#187;][vc_column_text]Jah, muru kahjustumise risk on olemas &#8212; seda eriti vihmase ilma korra, kui pinnas on pehme. Koorma laadimise k\u00e4igus kahjustunud pinnase eest vastutab klient.[\/vc_column_text][\/toggle][toggle color=&#187;Default&#187; title=&#187;Kas t\u00e4navakivid v\u00f5ivad veoauto raskuse all puruneda?&#187;][vc_column_text]Kivide purunemist \u00fcldjuhul ei juhtu. Kui koormaga veoauto peab t\u00e4navakividel man\u00f6\u00f6verdama, on siiski olemas v\u00f5imalus kivide vajumiseks v\u00f5i m\u00f5ranemiseks.[\/vc_column_text][\/toggle][\/toggles][\/vc_column][vc_column column_padding=&#187;padding-5-percent&#187; column_padding_tablet=&#187;inherit&#187; column_padding_phone=&#187;inherit&#187; column_padding_position=&#187;all&#187; background_color_opacity=&#187;1&#8243; background_hover_color_opacity=&#187;1&#8243; background_image=&#187;6051&#8243; background_image_position=&#187;center center&#187; enable_bg_scale=&#187;true&#187; font_color=&#187;#ffffff&#187; column_shadow=&#187;none&#187; column_border_radius=&#187;none&#187; column_link_target=&#187;_self&#187; gradient_direction=&#187;left_to_right&#187; overlay_strength=&#187;0.3&#8243; width=&#187;1\/3&#8243; tablet_width_inherit=&#187;default&#187; tablet_text_alignment=&#187;default&#187; phone_text_alignment=&#187;default&#187; column_border_width=&#187;none&#187; column_border_color=&#187;#ffffff&#187; column_border_style=&#187;solid&#187; bg_image_animation=&#187;none&#187; offset=&#187;vc_hidden-sm vc_hidden-xs&#187;][\/vc_column][\/vc_row]\n","protected":false},"excerpt":{"rendered":"<p>[vc_row type=&#187;full_width_content&#187; full_screen_row_position=&#187;middle&#187; column_margin=&#187;default&#187; equal_height=&#187;yes&#187; content_placement=&#187;top&#187; column_direction=&#187;default&#187; column_direction_tablet=&#187;default&#187; column_direction_phone=&#187;default&#187; scene_position=&#187;center&#187; text_color=&#187;dark&#187; text_align=&#187;left&#187; row_border_radius=&#187;none&#187; row_border_radius_applies=&#187;bg&#187; overlay_strength=&#187;0.3&#8243; gradient_direction=&#187;left_to_right&#187; shape_divider_position=&#187;bottom&#187; bg_image_animation=&#187;none&#187; shape_type=&#187;&#187;][vc_column column_padding=&#187;padding-5-percent&#187; column_padding_tablet=&#187;inherit&#187; column_padding_phone=&#187;inherit&#187; column_padding_position=&#187;all&#187; background_color=&#187;#f0f0f0&#8243; background_color_opacity=&#187;1&#8243; background_color_hover=&#187;#f0f0f0&#8243; background_hover_color_opacity=&#187;1&#8243; column_shadow=&#187;none&#187; column_border_radius=&#187;none&#187; column_link_target=&#187;_self&#187;&#8230;<\/p>\n","protected":false},"author":5,"featured_media":0,"parent":0,"menu_order":0,"comment_status":"closed","ping_status":"closed","template":"","meta":{"footnotes":""},"yoast_head":"<!-- This site is optimized with the Yoast SEO plugin v22.6 - https:\/\/yoast.com\/wordpress\/plugins\/seo\/ -->\n<title>Kasulik teada &#8211; Protransport<\/title>\n<meta name=\"robots\" content=\"index, follow, max-snippet:-1, max-image-preview:large, max-video-preview:-1\" \/>\n<link rel=\"canonical\" href=\"https:\/\/www.protrans.ee\/ru\/kasulik-teada\/\" \/>\n<meta property=\"og:locale\" content=\"ru_RU\" \/>\n<meta property=\"og:type\" content=\"article\" \/>\n<meta property=\"og:title\" content=\"Kasulik teada &#8211; Protransport\" \/>\n<meta property=\"og:description\" content=\"[vc_row type=&#187;full_width_content&#187; full_screen_row_position=&#187;middle&#187; column_margin=&#187;default&#187; equal_height=&#187;yes&#187; content_placement=&#187;top&#187; column_direction=&#187;default&#187; column_direction_tablet=&#187;default&#187; column_direction_phone=&#187;default&#187; scene_position=&#187;center&#187; text_color=&#187;dark&#187; text_align=&#187;left&#187; row_border_radius=&#187;none&#187; row_border_radius_applies=&#187;bg&#187; overlay_strength=&#187;0.3&#8243; gradient_direction=&#187;left_to_right&#187; shape_divider_position=&#187;bottom&#187; bg_image_animation=&#187;none&#187; shape_type=&#187;&#187;][vc_column column_padding=&#187;padding-5-percent&#187; column_padding_tablet=&#187;inherit&#187; column_padding_phone=&#187;inherit&#187; column_padding_position=&#187;all&#187; background_color=&#187;#f0f0f0&#8243; background_color_opacity=&#187;1&#8243; background_color_hover=&#187;#f0f0f0&#8243; background_hover_color_opacity=&#187;1&#8243; column_shadow=&#187;none&#187; column_border_radius=&#187;none&#187; column_link_target=&#187;_self&#187;...\" \/>\n<meta property=\"og:url\" content=\"https:\/\/www.protrans.ee\/ru\/kasulik-teada\/\" \/>\n<meta property=\"og:site_name\" content=\"Protransport\" \/>\n<meta property=\"article:modified_time\" content=\"2024-11-05T21:08:51+00:00\" \/>\n<meta name=\"twitter:card\" content=\"summary_large_image\" \/>\n<meta name=\"twitter:label1\" content=\"\u041f\u0440\u0438\u043c\u0435\u0440\u043d\u043e\u0435 \u0432\u0440\u0435\u043c\u044f \u0434\u043b\u044f \u0447\u0442\u0435\u043d\u0438\u044f\" \/>\n\t<meta name=\"twitter:data1\" content=\"2 \u043c\u0438\u043d\u0443\u0442\u044b\" \/>\n<script type=\"application\/ld+json\" class=\"yoast-schema-graph\">{\"@context\":\"https:\/\/schema.org\",\"@graph\":[{\"@type\":\"WebPage\",\"@id\":\"https:\/\/www.protrans.ee\/ru\/kasulik-teada\/\",\"url\":\"https:\/\/www.protrans.ee\/ru\/kasulik-teada\/\",\"name\":\"Kasulik teada &#8211; Protransport\",\"isPartOf\":{\"@id\":\"https:\/\/www.protrans.ee\/#website\"},\"datePublished\":\"2020-10-22T12:32:21+00:00\",\"dateModified\":\"2024-11-05T21:08:51+00:00\",\"breadcrumb\":{\"@id\":\"https:\/\/www.protrans.ee\/ru\/kasulik-teada\/#breadcrumb\"},\"inLanguage\":\"ru-RU\",\"potentialAction\":[{\"@type\":\"ReadAction\",\"target\":[\"https:\/\/www.protrans.ee\/ru\/kasulik-teada\/\"]}]},{\"@type\":\"BreadcrumbList\",\"@id\":\"https:\/\/www.protrans.ee\/ru\/kasulik-teada\/#breadcrumb\",\"itemListElement\":[{\"@type\":\"ListItem\",\"position\":1,\"name\":\"Home\",\"item\":\"https:\/\/www.protrans.ee\/ru\/\"},{\"@type\":\"ListItem\",\"position\":2,\"name\":\"Kasulik teada\"}]},{\"@type\":\"WebSite\",\"@id\":\"https:\/\/www.protrans.ee\/#website\",\"url\":\"https:\/\/www.protrans.ee\/\",\"name\":\"Protransport\",\"description\":\"Puistematerjalide m\u00fc\u00fck ja transport\",\"potentialAction\":[{\"@type\":\"SearchAction\",\"target\":{\"@type\":\"EntryPoint\",\"urlTemplate\":\"https:\/\/www.protrans.ee\/?s={search_term_string}\"},\"query-input\":\"required name=search_term_string\"}],\"inLanguage\":\"ru-RU\"}]}<\/script>\n<!-- \/ Yoast SEO plugin. -->","yoast_head_json":{"title":"Kasulik teada &#8211; Protransport","robots":{"index":"index","follow":"follow","max-snippet":"max-snippet:-1","max-image-preview":"max-image-preview:large","max-video-preview":"max-video-preview:-1"},"canonical":"https:\/\/www.protrans.ee\/ru\/kasulik-teada\/","og_locale":"ru_RU","og_type":"article","og_title":"Kasulik teada &#8211; Protransport","og_description":"[vc_row type=&#187;full_width_content&#187; full_screen_row_position=&#187;middle&#187; column_margin=&#187;default&#187; equal_height=&#187;yes&#187; content_placement=&#187;top&#187; column_direction=&#187;default&#187; column_direction_tablet=&#187;default&#187; column_direction_phone=&#187;default&#187; scene_position=&#187;center&#187; text_color=&#187;dark&#187; text_align=&#187;left&#187; row_border_radius=&#187;none&#187; row_border_radius_applies=&#187;bg&#187; overlay_strength=&#187;0.3&#8243; gradient_direction=&#187;left_to_right&#187; shape_divider_position=&#187;bottom&#187; bg_image_animation=&#187;none&#187; shape_type=&#187;&#187;][vc_column column_padding=&#187;padding-5-percent&#187; column_padding_tablet=&#187;inherit&#187; column_padding_phone=&#187;inherit&#187; column_padding_position=&#187;all&#187; background_color=&#187;#f0f0f0&#8243; background_color_opacity=&#187;1&#8243; background_color_hover=&#187;#f0f0f0&#8243; background_hover_color_opacity=&#187;1&#8243; column_shadow=&#187;none&#187; column_border_radius=&#187;none&#187; column_link_target=&#187;_self&#187;...","og_url":"https:\/\/www.protrans.ee\/ru\/kasulik-teada\/","og_site_name":"Protransport","article_modified_time":"2024-11-05T21:08:51+00:00","twitter_card":"summary_large_image","twitter_misc":{"\u041f\u0440\u0438\u043c\u0435\u0440\u043d\u043e\u0435 \u0432\u0440\u0435\u043c\u044f \u0434\u043b\u044f \u0447\u0442\u0435\u043d\u0438\u044f":"2 \u043c\u0438\u043d\u0443\u0442\u044b"},"schema":{"@context":"https:\/\/schema.org","@graph":[{"@type":"WebPage","@id":"https:\/\/www.protrans.ee\/ru\/kasulik-teada\/","url":"https:\/\/www.protrans.ee\/ru\/kasulik-teada\/","name":"Kasulik teada &#8211; Protransport","isPartOf":{"@id":"https:\/\/www.protrans.ee\/#website"},"datePublished":"2020-10-22T12:32:21+00:00","dateModified":"2024-11-05T21:08:51+00:00","breadcrumb":{"@id":"https:\/\/www.protrans.ee\/ru\/kasulik-teada\/#breadcrumb"},"inLanguage":"ru-RU","potentialAction":[{"@type":"ReadAction","target":["https:\/\/www.protrans.ee\/ru\/kasulik-teada\/"]}]},{"@type":"BreadcrumbList","@id":"https:\/\/www.protrans.ee\/ru\/kasulik-teada\/#breadcrumb","itemListElement":[{"@type":"ListItem","position":1,"name":"Home","item":"https:\/\/www.protrans.ee\/ru\/"},{"@type":"ListItem","position":2,"name":"Kasulik teada"}]},{"@type":"WebSite","@id":"https:\/\/www.protrans.ee\/#website","url":"https:\/\/www.protrans.ee\/","name":"Protransport","description":"Puistematerjalide m\u00fc\u00fck ja transport","potentialAction":[{"@type":"SearchAction","target":{"@type":"EntryPoint","urlTemplate":"https:\/\/www.protrans.ee\/?s={search_term_string}"},"query-input":"required name=search_term_string"}],"inLanguage":"ru-RU"}]}},"_links":{"self":[{"href":"https:\/\/protrans.ee\/ru\/wp-json\/wp\/v2\/pages\/6609"}],"collection":[{"href":"https:\/\/protrans.ee\/ru\/wp-json\/wp\/v2\/pages"}],"about":[{"href":"https:\/\/protrans.ee\/ru\/wp-json\/wp\/v2\/types\/page"}],"author":[{"embeddable":true,"href":"https:\/\/protrans.ee\/ru\/wp-json\/wp\/v2\/users\/5"}],"replies":[{"embeddable":true,"href":"https:\/\/protrans.ee\/ru\/wp-json\/wp\/v2\/comments?post=6609"}],"version-history":[{"count":5,"href":"https:\/\/protrans.ee\/ru\/wp-json\/wp\/v2\/pages\/6609\/revisions"}],"predecessor-version":[{"id":22116,"href":"https:\/\/protrans.ee\/ru\/wp-json\/wp\/v2\/pages\/6609\/revisions\/22116"}],"wp:attachment":[{"href":"https:\/\/protrans.ee\/ru\/wp-json\/wp\/v2\/media?parent=6609"}],"curies":[{"name":"wp","href":"https:\/\/api.w.org\/{rel}","templated":true}]}}